{"id":107,"date":"2017-10-04T20:04:29","date_gmt":"2017-10-04T18:04:29","guid":{"rendered":"http:\/\/geoplan.pl\/?page_id=107"},"modified":"2017-12-17T19:56:59","modified_gmt":"2017-12-17T18:56:59","slug":"oferta","status":"publish","type":"page","link":"https:\/\/geoplan.pl\/index.php\/oferta\/","title":{"rendered":""},"content":{"rendered":"<ul>\n<li><strong>Podzia\u0142y i rozgraniczenia nieruchomo\u015bci (dzia\u0142ek)<\/strong><\/li>\n<li><strong>Wznowienia znak\u00f3w granicznych<\/strong><\/li>\n<li><strong>Mapy geodezyjne do wszystkich cel\u00f3w<\/strong><\/li>\n<li><strong>Wytyczenia i inwentaryzacje budynk\u00f3w, sieci wodoci\u0105gowych, kanalizacyjnych, energetycznych, telekomunikacyjnych, gazowych i ciep\u0142owniczych<\/strong><\/li>\n<li><strong>Geodezyjna obs\u0142uga inwestycji<\/strong><\/li>\n<\/ul>\n","protected":false},"excerpt":{"rendered":"<p>Podzia\u0142y i rozgraniczenia nieruchomo\u015bci (dzia\u0142ek) Wznowienia znak\u00f3w granicznych Mapy geodezyjne do wszystkich cel\u00f3w Wytyczenia i inwentaryzacje budynk\u00f3w, sieci wodoci\u0105gowych, kanalizacyjnych, energetycznych, telekomunikacyjnych, gazowych i ciep\u0142owniczych Geodezyjna obs\u0142uga inwestycji<\/p>\n","protected":false},"author":1,"featured_media":0,"parent":0,"menu_order":0,"comment_status":"closed","ping_status":"closed","template":"","meta":{"footnotes":""},"yoast_head":"<!-- This site is optimized with the Yoast SEO plugin v22.2 - https:\/\/yoast.com\/wordpress\/plugins\/seo\/ -->\n<title>-<\/title>\n<meta name=\"robots\" content=\"index, follow, max-snippet:-1, max-image-preview:large, max-video-preview:-1\" \/>\n<link rel=\"canonical\" href=\"https:\/\/geoplan.pl\/index.php\/oferta\/\" \/>\n<meta property=\"og:locale\" content=\"pl_PL\" \/>\n<meta property=\"og:type\" content=\"article\" \/>\n<meta property=\"og:title\" content=\"-\" \/>\n<meta property=\"og:description\" content=\"Podzia\u0142y i rozgraniczenia nieruchomo\u015bci (dzia\u0142ek) Wznowienia znak\u00f3w granicznych Mapy geodezyjne do wszystkich cel\u00f3w Wytyczenia i inwentaryzacje budynk\u00f3w, sieci wodoci\u0105gowych, kanalizacyjnych, energetycznych, telekomunikacyjnych, gazowych i ciep\u0142owniczych Geodezyjna obs\u0142uga inwestycji\" \/>\n<meta property=\"og:url\" content=\"https:\/\/geoplan.pl\/index.php\/oferta\/\" \/>\n<meta property=\"article:modified_time\" content=\"2017-12-17T18:56:59+00:00\" \/>\n<meta name=\"twitter:card\" content=\"summary_large_image\" \/>\n<script type=\"application\/ld+json\" class=\"yoast-schema-graph\">{\"@context\":\"https:\/\/schema.org\",\"@graph\":[{\"@type\":\"WebPage\",\"@id\":\"https:\/\/geoplan.pl\/index.php\/oferta\/\",\"url\":\"https:\/\/geoplan.pl\/index.php\/oferta\/\",\"name\":\"-\",\"isPartOf\":{\"@id\":\"https:\/\/geoplan.pl\/#website\"},\"datePublished\":\"2017-10-04T18:04:29+00:00\",\"dateModified\":\"2017-12-17T18:56:59+00:00\",\"inLanguage\":\"pl-PL\",\"potentialAction\":[{\"@type\":\"ReadAction\",\"target\":[\"https:\/\/geoplan.pl\/index.php\/oferta\/\"]}]},{\"@type\":\"WebSite\",\"@id\":\"https:\/\/geoplan.pl\/#website\",\"url\":\"https:\/\/geoplan.pl\/\",\"name\":\"\",\"description\":\"US\u0141UGI GEODEZYJNE S.C. Tomasz Kowalewski Piotr \u0106wikli\u0144ski\",\"potentialAction\":[{\"@type\":\"SearchAction\",\"target\":{\"@type\":\"EntryPoint\",\"urlTemplate\":\"https:\/\/geoplan.pl\/?s={search_term_string}\"},\"query-input\":\"required name=search_term_string\"}],\"inLanguage\":\"pl-PL\"}]}<\/script>\n<!-- \/ Yoast SEO plugin. -->","yoast_head_json":{"title":"-","robots":{"index":"index","follow":"follow","max-snippet":"max-snippet:-1","max-image-preview":"max-image-preview:large","max-video-preview":"max-video-preview:-1"},"canonical":"https:\/\/geoplan.pl\/index.php\/oferta\/","og_locale":"pl_PL","og_type":"article","og_title":"-","og_description":"Podzia\u0142y i rozgraniczenia nieruchomo\u015bci (dzia\u0142ek) Wznowienia znak\u00f3w granicznych Mapy geodezyjne do wszystkich cel\u00f3w Wytyczenia i inwentaryzacje budynk\u00f3w, sieci wodoci\u0105gowych, kanalizacyjnych, energetycznych, telekomunikacyjnych, gazowych i ciep\u0142owniczych Geodezyjna obs\u0142uga inwestycji","og_url":"https:\/\/geoplan.pl\/index.php\/oferta\/","article_modified_time":"2017-12-17T18:56:59+00:00","twitter_card":"summary_large_image","schema":{"@context":"https:\/\/schema.org","@graph":[{"@type":"WebPage","@id":"https:\/\/geoplan.pl\/index.php\/oferta\/","url":"https:\/\/geoplan.pl\/index.php\/oferta\/","name":"-","isPartOf":{"@id":"https:\/\/geoplan.pl\/#website"},"datePublished":"2017-10-04T18:04:29+00:00","dateModified":"2017-12-17T18:56:59+00:00","inLanguage":"pl-PL","potentialAction":[{"@type":"ReadAction","target":["https:\/\/geoplan.pl\/index.php\/oferta\/"]}]},{"@type":"WebSite","@id":"https:\/\/geoplan.pl\/#website","url":"https:\/\/geoplan.pl\/","name":"","description":"US\u0141UGI GEODEZYJNE S.C. Tomasz Kowalewski Piotr \u0106wikli\u0144ski","potentialAction":[{"@type":"SearchAction","target":{"@type":"EntryPoint","urlTemplate":"https:\/\/geoplan.pl\/?s={search_term_string}"},"query-input":"required name=search_term_string"}],"inLanguage":"pl-PL"}]}},"_links":{"self":[{"href":"https:\/\/geoplan.pl\/index.php\/wp-json\/wp\/v2\/pages\/107"}],"collection":[{"href":"https:\/\/geoplan.pl\/index.php\/wp-json\/wp\/v2\/pages"}],"about":[{"href":"https:\/\/geoplan.pl\/index.php\/wp-json\/wp\/v2\/types\/page"}],"author":[{"embeddable":true,"href":"https:\/\/geoplan.pl\/index.php\/wp-json\/wp\/v2\/users\/1"}],"replies":[{"embeddable":true,"href":"https:\/\/geoplan.pl\/index.php\/wp-json\/wp\/v2\/comments?post=107"}],"version-history":[{"count":4,"href":"https:\/\/geoplan.pl\/index.php\/wp-json\/wp\/v2\/pages\/107\/revisions"}],"predecessor-version":[{"id":162,"href":"https:\/\/geoplan.pl\/index.php\/wp-json\/wp\/v2\/pages\/107\/revisions\/162"}],"wp:attachment":[{"href":"https:\/\/geoplan.pl\/index.php\/wp-json\/wp\/v2\/media?parent=107"}],"curies":[{"name":"wp","href":"https:\/\/api.w.org\/{rel}","templated":true}]}}