{"id":129,"date":"2017-11-22T17:40:36","date_gmt":"2017-11-22T16:40:36","guid":{"rendered":"http:\/\/geoplan.pl\/?page_id=129"},"modified":"2017-12-17T19:50:03","modified_gmt":"2017-12-17T18:50:03","slug":"galeria","status":"publish","type":"page","link":"https:\/\/geoplan.pl\/index.php\/galeria\/","title":{"rendered":""},"content":{"rendered":"<p><strong>W budowie&#8230;<\/strong><\/p>\n","protected":false},"excerpt":{"rendered":"<p>W budowie&#8230;<\/p>\n","protected":false},"author":1,"featured_media":0,"parent":0,"menu_order":0,"comment_status":"closed","ping_status":"closed","template":"","meta":{"footnotes":""},"yoast_head":"<!-- This site is optimized with the Yoast SEO plugin v22.2 - https:\/\/yoast.com\/wordpress\/plugins\/seo\/ -->\n<title>-<\/title>\n<meta name=\"robots\" content=\"index, follow, max-snippet:-1, max-image-preview:large, max-video-preview:-1\" \/>\n<link rel=\"canonical\" href=\"https:\/\/geoplan.pl\/index.php\/galeria\/\" \/>\n<meta property=\"og:locale\" content=\"pl_PL\" \/>\n<meta property=\"og:type\" content=\"article\" \/>\n<meta property=\"og:title\" content=\"-\" \/>\n<meta property=\"og:description\" content=\"W budowie&#8230;\" \/>\n<meta property=\"og:url\" content=\"https:\/\/geoplan.pl\/index.php\/galeria\/\" \/>\n<meta property=\"article:modified_time\" content=\"2017-12-17T18:50:03+00:00\" \/>\n<meta name=\"twitter:card\" content=\"summary_large_image\" \/>\n<script type=\"application\/ld+json\" class=\"yoast-schema-graph\">{\"@context\":\"https:\/\/schema.org\",\"@graph\":[{\"@type\":\"WebPage\",\"@id\":\"https:\/\/geoplan.pl\/index.php\/galeria\/\",\"url\":\"https:\/\/geoplan.pl\/index.php\/galeria\/\",\"name\":\"-\",\"isPartOf\":{\"@id\":\"https:\/\/geoplan.pl\/#website\"},\"datePublished\":\"2017-11-22T16:40:36+00:00\",\"dateModified\":\"2017-12-17T18:50:03+00:00\",\"inLanguage\":\"pl-PL\",\"potentialAction\":[{\"@type\":\"ReadAction\",\"target\":[\"https:\/\/geoplan.pl\/index.php\/galeria\/\"]}]},{\"@type\":\"WebSite\",\"@id\":\"https:\/\/geoplan.pl\/#website\",\"url\":\"https:\/\/geoplan.pl\/\",\"name\":\"\",\"description\":\"US\u0141UGI GEODEZYJNE S.C. Tomasz Kowalewski Piotr \u0106wikli\u0144ski\",\"potentialAction\":[{\"@type\":\"SearchAction\",\"target\":{\"@type\":\"EntryPoint\",\"urlTemplate\":\"https:\/\/geoplan.pl\/?s={search_term_string}\"},\"query-input\":\"required name=search_term_string\"}],\"inLanguage\":\"pl-PL\"}]}<\/script>\n<!-- \/ Yoast SEO plugin. -->","yoast_head_json":{"title":"-","robots":{"index":"index","follow":"follow","max-snippet":"max-snippet:-1","max-image-preview":"max-image-preview:large","max-video-preview":"max-video-preview:-1"},"canonical":"https:\/\/geoplan.pl\/index.php\/galeria\/","og_locale":"pl_PL","og_type":"article","og_title":"-","og_description":"W budowie&#8230;","og_url":"https:\/\/geoplan.pl\/index.php\/galeria\/","article_modified_time":"2017-12-17T18:50:03+00:00","twitter_card":"summary_large_image","schema":{"@context":"https:\/\/schema.org","@graph":[{"@type":"WebPage","@id":"https:\/\/geoplan.pl\/index.php\/galeria\/","url":"https:\/\/geoplan.pl\/index.php\/galeria\/","name":"-","isPartOf":{"@id":"https:\/\/geoplan.pl\/#website"},"datePublished":"2017-11-22T16:40:36+00:00","dateModified":"2017-12-17T18:50:03+00:00","inLanguage":"pl-PL","potentialAction":[{"@type":"ReadAction","target":["https:\/\/geoplan.pl\/index.php\/galeria\/"]}]},{"@type":"WebSite","@id":"https:\/\/geoplan.pl\/#website","url":"https:\/\/geoplan.pl\/","name":"","description":"US\u0141UGI GEODEZYJNE S.C. Tomasz Kowalewski Piotr \u0106wikli\u0144ski","potentialAction":[{"@type":"SearchAction","target":{"@type":"EntryPoint","urlTemplate":"https:\/\/geoplan.pl\/?s={search_term_string}"},"query-input":"required name=search_term_string"}],"inLanguage":"pl-PL"}]}},"_links":{"self":[{"href":"https:\/\/geoplan.pl\/index.php\/wp-json\/wp\/v2\/pages\/129"}],"collection":[{"href":"https:\/\/geoplan.pl\/index.php\/wp-json\/wp\/v2\/pages"}],"about":[{"href":"https:\/\/geoplan.pl\/index.php\/wp-json\/wp\/v2\/types\/page"}],"author":[{"embeddable":true,"href":"https:\/\/geoplan.pl\/index.php\/wp-json\/wp\/v2\/users\/1"}],"replies":[{"embeddable":true,"href":"https:\/\/geoplan.pl\/index.php\/wp-json\/wp\/v2\/comments?post=129"}],"version-history":[{"count":3,"href":"https:\/\/geoplan.pl\/index.php\/wp-json\/wp\/v2\/pages\/129\/revisions"}],"predecessor-version":[{"id":157,"href":"https:\/\/geoplan.pl\/index.php\/wp-json\/wp\/v2\/pages\/129\/revisions\/157"}],"wp:attachment":[{"href":"https:\/\/geoplan.pl\/index.php\/wp-json\/wp\/v2\/media?parent=129"}],"curies":[{"name":"wp","href":"https:\/\/api.w.org\/{rel}","templated":true}]}}