{"id":145,"date":"2017-12-17T19:30:55","date_gmt":"2017-12-17T18:30:55","guid":{"rendered":"http:\/\/geoplan.pl\/?page_id=145"},"modified":"2024-03-12T08:06:49","modified_gmt":"2024-03-12T07:06:49","slug":"o-firmie","status":"publish","type":"page","link":"https:\/\/geoplan.pl\/index.php\/o-firmie\/","title":{"rendered":""},"content":{"rendered":"<p>Firma <strong>Geoplan<\/strong> powsta\u0142a w 1988 roku.<br \/>\nOd tego czasu realizuje wszelkie us\u0142ugi w zakresie pomiar\u00f3w geodezyjnych.<br \/>\nZ naszych us\u0142ug skorzysta\u0142o wiele firm, instytucji publicznych oraz os\u00f3b prywatnych.<br \/>\nDo\u015bwiadczenie i wiedza s\u0105 gwarancj\u0105 rzetelnie wykonanego zlecenia.<\/p>\n","protected":false},"excerpt":{"rendered":"<p>Firma Geoplan powsta\u0142a w 1988 roku. Od tego czasu realizuje wszelkie us\u0142ugi w zakresie pomiar\u00f3w geodezyjnych. Z naszych us\u0142ug skorzysta\u0142o wiele firm, instytucji publicznych oraz os\u00f3b prywatnych. Do\u015bwiadczenie i wiedza s\u0105 gwarancj\u0105 rzetelnie wykonanego zlecenia.<\/p>\n","protected":false},"author":1,"featured_media":0,"parent":0,"menu_order":0,"comment_status":"closed","ping_status":"closed","template":"","meta":{"footnotes":""},"yoast_head":"<!-- This site is optimized with the Yoast SEO plugin v22.2 - https:\/\/yoast.com\/wordpress\/plugins\/seo\/ -->\n<title>-<\/title>\n<meta name=\"robots\" content=\"noindex, follow\" \/>\n<meta property=\"og:locale\" content=\"pl_PL\" \/>\n<meta property=\"og:type\" content=\"article\" \/>\n<meta property=\"og:title\" content=\"-\" \/>\n<meta property=\"og:description\" content=\"Firma Geoplan powsta\u0142a w 1988 roku. Od tego czasu realizuje wszelkie us\u0142ugi w zakresie pomiar\u00f3w geodezyjnych. Z naszych us\u0142ug skorzysta\u0142o wiele firm, instytucji publicznych oraz os\u00f3b prywatnych. Do\u015bwiadczenie i wiedza s\u0105 gwarancj\u0105 rzetelnie wykonanego zlecenia.\" \/>\n<meta property=\"og:url\" content=\"https:\/\/geoplan.pl\/index.php\/o-firmie\/\" \/>\n<meta property=\"article:modified_time\" content=\"2024-03-12T07:06:49+00:00\" \/>\n<meta name=\"twitter:card\" content=\"summary_large_image\" \/>\n<meta name=\"twitter:label1\" content=\"Szacowany czas czytania\" \/>\n\t<meta name=\"twitter:data1\" content=\"1 minuta\" \/>\n<script type=\"application\/ld+json\" class=\"yoast-schema-graph\">{\"@context\":\"https:\/\/schema.org\",\"@graph\":[{\"@type\":\"WebPage\",\"@id\":\"https:\/\/geoplan.pl\/index.php\/o-firmie\/\",\"url\":\"https:\/\/geoplan.pl\/index.php\/o-firmie\/\",\"name\":\"-\",\"isPartOf\":{\"@id\":\"https:\/\/geoplan.pl\/#website\"},\"datePublished\":\"2017-12-17T18:30:55+00:00\",\"dateModified\":\"2024-03-12T07:06:49+00:00\",\"inLanguage\":\"pl-PL\",\"potentialAction\":[{\"@type\":\"ReadAction\",\"target\":[\"https:\/\/geoplan.pl\/index.php\/o-firmie\/\"]}]},{\"@type\":\"WebSite\",\"@id\":\"https:\/\/geoplan.pl\/#website\",\"url\":\"https:\/\/geoplan.pl\/\",\"name\":\"\",\"description\":\"US\u0141UGI GEODEZYJNE S.C. Tomasz Kowalewski Piotr \u0106wikli\u0144ski\",\"potentialAction\":[{\"@type\":\"SearchAction\",\"target\":{\"@type\":\"EntryPoint\",\"urlTemplate\":\"https:\/\/geoplan.pl\/?s={search_term_string}\"},\"query-input\":\"required name=search_term_string\"}],\"inLanguage\":\"pl-PL\"}]}<\/script>\n<!-- \/ Yoast SEO plugin. -->","yoast_head_json":{"title":"-","robots":{"index":"noindex","follow":"follow"},"og_locale":"pl_PL","og_type":"article","og_title":"-","og_description":"Firma Geoplan powsta\u0142a w 1988 roku. Od tego czasu realizuje wszelkie us\u0142ugi w zakresie pomiar\u00f3w geodezyjnych. Z naszych us\u0142ug skorzysta\u0142o wiele firm, instytucji publicznych oraz os\u00f3b prywatnych. Do\u015bwiadczenie i wiedza s\u0105 gwarancj\u0105 rzetelnie wykonanego zlecenia.","og_url":"https:\/\/geoplan.pl\/index.php\/o-firmie\/","article_modified_time":"2024-03-12T07:06:49+00:00","twitter_card":"summary_large_image","twitter_misc":{"Szacowany czas czytania":"1 minuta"},"schema":{"@context":"https:\/\/schema.org","@graph":[{"@type":"WebPage","@id":"https:\/\/geoplan.pl\/index.php\/o-firmie\/","url":"https:\/\/geoplan.pl\/index.php\/o-firmie\/","name":"-","isPartOf":{"@id":"https:\/\/geoplan.pl\/#website"},"datePublished":"2017-12-17T18:30:55+00:00","dateModified":"2024-03-12T07:06:49+00:00","inLanguage":"pl-PL","potentialAction":[{"@type":"ReadAction","target":["https:\/\/geoplan.pl\/index.php\/o-firmie\/"]}]},{"@type":"WebSite","@id":"https:\/\/geoplan.pl\/#website","url":"https:\/\/geoplan.pl\/","name":"","description":"US\u0141UGI GEODEZYJNE S.C. Tomasz Kowalewski Piotr \u0106wikli\u0144ski","potentialAction":[{"@type":"SearchAction","target":{"@type":"EntryPoint","urlTemplate":"https:\/\/geoplan.pl\/?s={search_term_string}"},"query-input":"required name=search_term_string"}],"inLanguage":"pl-PL"}]}},"_links":{"self":[{"href":"https:\/\/geoplan.pl\/index.php\/wp-json\/wp\/v2\/pages\/145"}],"collection":[{"href":"https:\/\/geoplan.pl\/index.php\/wp-json\/wp\/v2\/pages"}],"about":[{"href":"https:\/\/geoplan.pl\/index.php\/wp-json\/wp\/v2\/types\/page"}],"author":[{"embeddable":true,"href":"https:\/\/geoplan.pl\/index.php\/wp-json\/wp\/v2\/users\/1"}],"replies":[{"embeddable":true,"href":"https:\/\/geoplan.pl\/index.php\/wp-json\/wp\/v2\/comments?post=145"}],"version-history":[{"count":4,"href":"https:\/\/geoplan.pl\/index.php\/wp-json\/wp\/v2\/pages\/145\/revisions"}],"predecessor-version":[{"id":164,"href":"https:\/\/geoplan.pl\/index.php\/wp-json\/wp\/v2\/pages\/145\/revisions\/164"}],"wp:attachment":[{"href":"https:\/\/geoplan.pl\/index.php\/wp-json\/wp\/v2\/media?parent=145"}],"curies":[{"name":"wp","href":"https:\/\/api.w.org\/{rel}","templated":true}]}}