{"id":16,"date":"2017-10-02T21:44:03","date_gmt":"2017-10-02T19:44:03","guid":{"rendered":"http:\/\/geoplan.pl\/?page_id=16"},"modified":"2024-03-25T07:39:29","modified_gmt":"2024-03-25T06:39:29","slug":"strona-glowna","status":"publish","type":"page","link":"https:\/\/geoplan.pl\/","title":{"rendered":""},"content":{"rendered":"<h1><strong>Geodeta, geodezja Bydgoszcz &#8211; us\u0142ugi geodezyjne<\/strong><\/h1>\n<p>Geoplan to firma, kt\u00f3ra \u015bwiadczy kompleksowe us\u0142ugi geodezyjne dla klient\u00f3w indywidualnych oraz firm. Nasz zesp\u00f3\u0142 sk\u0142ada si\u0119 z do\u015bwiadczonych specjalist\u00f3w, kt\u00f3rzy podejmuj\u0105 si\u0119 realizacji nawet najbardziej skomplikowanych projekt\u00f3w. Stale dbamy o rozw\u00f3j oraz wdra\u017canie innowacyjnych technik, tak aby zapewni\u0107 naszym klientom najwy\u017csz\u0105 jako\u015b\u0107 us\u0142ug. Pracujemy na nowoczesnych urz\u0105dzeniach, co zapewnia wysok\u0105 precyzj\u0119 pomiar\u00f3w, a tak\u017ce dok\u0142adno\u015b\u0107 dzia\u0142a\u0144. Zapraszamy do zapoznania si\u0119 z pe\u0142n\u0105 ofert\u0105 us\u0142ug geodezyjnych. Bydgoszcz to miasto, w kt\u00f3rym prowadzimy swoj\u0105 dzia\u0142alno\u015b\u0107.<\/p>\n<p><img loading=\"lazy\" decoding=\"async\" class=\"alignnone wp-image-186 size-large\" src=\"https:\/\/geoplan.pl\/wp-content\/uploads\/17053-1024x654.jpg\" alt=\"\" width=\"840\" height=\"536\" srcset=\"https:\/\/geoplan.pl\/wp-content\/uploads\/17053-1024x654.jpg 1024w, https:\/\/geoplan.pl\/wp-content\/uploads\/17053-300x192.jpg 300w, https:\/\/geoplan.pl\/wp-content\/uploads\/17053-768x490.jpg 768w, https:\/\/geoplan.pl\/wp-content\/uploads\/17053-1200x766.jpg 1200w, https:\/\/geoplan.pl\/wp-content\/uploads\/17053.jpg 1500w\" sizes=\"(max-width: 709px) 85vw, (max-width: 909px) 67vw, (max-width: 1362px) 62vw, 840px\" \/><\/p>\n<h2>Geodeta Bydgoszcz &#8211; zasi\u0119g dzia\u0142ania<\/h2>\n<p>Wsp\u00f3\u0142pracujemy zar\u00f3wno z klientami indywidualnymi, jak i z firmami, kt\u00f3re potrzebuj\u0105 us\u0142ug geodety w Bydgoszczy. Zapraszamy do wsp\u00f3\u0142pracy wszystkie zainteresowane firmy budowlane, biura projektowe, firmy deweloperskie oraz inwestor\u00f3w, kt\u00f3rzy potrzebuj\u0105 zaufanych us\u0142ug geodezji.<\/p>\n<p>G\u0142\u00f3wnym obszarem naszych dzia\u0142a\u0144 jest miasto Bydgoszcz oraz okoliczne miejscowo\u015bci na terenie wojew\u00f3dztwa kujawsko-pomorskiego. Mo\u017cemy podj\u0105\u0107 si\u0119 r\u00f3wnie\u017c wsp\u00f3\u0142pracy z klientami z innych region\u00f3w Polski. Geodeta z Geoplanu to nieocenione wsparcie przy r\u00f3\u017cnego rodzaju inwestycjach w Bydgoszczy.<\/p>\n<h2>Us\u0142ugi geodezyjne &#8211; Bydgoszcz<\/h2>\n<p>Nasz geodeta w Bydgoszczy to osoba, kt\u00f3ra jest niezb\u0119dna do tego, aby rozpocz\u0105\u0107 inwestycj\u0119 zwi\u0105zan\u0105 z budow\u0105 domu, drogi, wi\u0119kszego obiektu czy osiedla mieszkaniowego. O tym aspekcie warto pomy\u015ble\u0107 ju\u017c na etapie planowania inwestycji, aby by\u0107 pewnym, \u017ce ca\u0142y proces przebiegnie poprawnie oraz zgodnie z oczekiwaniami. Projektowanie domu lub budynku to skomplikowany proces, kt\u00f3ry wymaga starannego planowania oraz zaanga\u017cowania wielu specjalist\u00f3w. Rola geodety ma tutaj niezwykle istotne znaczenie &#8211; specjalista pomo\u017ce sprawdzi\u0107 stan prawny nieruchomo\u015bci oraz oznaczy\u0107 znaki graniczne. Niezb\u0119dne jest r\u00f3wnie\u017c opracowanie mapy, kt\u00f3ra b\u0119dzie p\u00f3\u017aniej podstaw\u0105 do wszystkich dalszych dzia\u0142a\u0144 projektowych. Geodeta, wykonuj\u0105c pomiar powykonawczy, sprawdza r\u00f3wnie\u017c, czy powsta\u0142a inwestycja jest zgodna z wcze\u015bniejszymi za\u0142o\u017ceniami. To niezb\u0119dny warunek do uzyskania pozwolenia na u\u017cytkowanie budynku.<\/p>\n<p>Bydgoszcz &#8211; geodeta w tym mie\u015bcie b\u0119dzie r\u00f3wnie\u017c niezb\u0119dny przy okazji du\u017cych inwestycji, takich jak budowa dr\u00f3g, most\u00f3w, budynk\u00f3w wielkopowierzchniowych czy osiedli mieszkaniowych. Tworz\u0105c mapy projektowe do tego typu inwestycji, zwracamy szczeg\u00f3ln\u0105 uwag\u0119 na dok\u0142adno\u015b\u0107 wszystkich pomiar\u00f3w oraz precyzyjne prace budowlane. Oferujemy pe\u0142ne wsparcie na ka\u017cdym terenie, niezale\u017cnie od trudno\u015bci i panuj\u0105cych warunk\u00f3w.<\/p>\n<h2>Geodezja Bydgoszcz &#8211; Geoplan<\/h2>\n<p>Nasza firma Geoplan \u015bwiadczy kompleksowe wsparcie geodezyjne dla wszystkich klient\u00f3w, niezale\u017cnie od rodzaju powierzonych zada\u0144. Pe\u0142en zakres us\u0142ug firmy Geoplan:<\/p>\n<ul>\n<li>pomiary wykonawcze,<\/li>\n<li>wyznaczanie granic nieruchomo\u015bci,<\/li>\n<li>podzia\u0142 dzia\u0142ki,<\/li>\n<li>tyczenie budynk\u00f3w i przy\u0142\u0105czy,<\/li>\n<li>tworzenie map MDCP,<\/li>\n<li>wektoryzacja map analogowych,<\/li>\n<li>pozyskiwanie danych z zasob\u00f3w geodezyjnych,<\/li>\n<li>pomiar obj\u0119to\u015bci mas ziemnych,<\/li>\n<li>pomiar s\u0142up\u00f3w oraz maszt\u00f3w,<\/li>\n<li>pomiar zbiornik\u00f3w, rzek oraz linii brzegowych,<\/li>\n<li>pomiar uzbrojenia terenu,<\/li>\n<li>oraz wiele wi\u0119cej.<\/li>\n<\/ul>\n<p><u>\u00a0<\/u><\/p>\n<p><strong>Us\u0142ugi geodezyjne &#8211; Bydgoszcz<\/strong><\/p>\n<p>Je\u017celi nie widz\u0105 Pa\u0144stwo interesuj\u0105cej us\u0142ugi geodezyjnej, zapraszamy do kontaktu.<\/p>\n<h2>Geodezja Bydgoszcz &#8211; Geoplan<\/h2>\n<p><strong>Firma Geoplan powsta\u0142a w 1988 roku.<br \/>\nOd tego czasu realizuje wszelkie us\u0142ugi w zakresie pomiar\u00f3w geodezyjnych.<br \/>\nZ naszych us\u0142ug skorzysta\u0142o wiele firm, instytucji publicznych oraz os\u00f3b prywatnych.<br \/>\nDo\u015bwiadczenie i wiedza s\u0105 gwarancj\u0105 rzetelnie wykonanego zlecenia.<\/strong><\/p>\n","protected":false},"excerpt":{"rendered":"<p>Geodeta, geodezja Bydgoszcz &#8211; us\u0142ugi geodezyjne Geoplan to firma, kt\u00f3ra \u015bwiadczy kompleksowe us\u0142ugi geodezyjne dla klient\u00f3w indywidualnych oraz firm. Nasz zesp\u00f3\u0142 sk\u0142ada si\u0119 z do\u015bwiadczonych specjalist\u00f3w, kt\u00f3rzy podejmuj\u0105 si\u0119 realizacji nawet najbardziej skomplikowanych projekt\u00f3w. Stale dbamy o rozw\u00f3j oraz wdra\u017canie innowacyjnych technik, tak aby zapewni\u0107 naszym klientom najwy\u017csz\u0105 jako\u015b\u0107 us\u0142ug. Pracujemy na nowoczesnych urz\u0105dzeniach, co &hellip; <a href=\"https:\/\/geoplan.pl\/\" class=\"more-link\">Czytaj dalej<span class=\"screen-reader-text\"> \u201e\u201d<\/span><\/a><\/p>\n","protected":false},"author":1,"featured_media":0,"parent":0,"menu_order":0,"comment_status":"closed","ping_status":"closed","template":"","meta":{"footnotes":""},"yoast_head":"<!-- This site is optimized with the Yoast SEO plugin v22.2 - https:\/\/yoast.com\/wordpress\/plugins\/seo\/ -->\n<title>Geodeta, Geodezja Bydgoszcz - Us\u0142ugi Geodezyjne | geoplan.pl<\/title>\n<meta name=\"robots\" content=\"index, follow, max-snippet:-1, max-image-preview:large, max-video-preview:-1\" \/>\n<link rel=\"canonical\" href=\"https:\/\/geoplan.pl\/\" \/>\n<meta property=\"og:locale\" content=\"pl_PL\" \/>\n<meta property=\"og:type\" content=\"article\" \/>\n<meta property=\"og:title\" content=\"Geodeta, Geodezja Bydgoszcz - Us\u0142ugi Geodezyjne | geoplan.pl\" \/>\n<meta property=\"og:description\" content=\"Geodeta, geodezja Bydgoszcz &#8211; us\u0142ugi geodezyjne Geoplan to firma, kt\u00f3ra \u015bwiadczy kompleksowe us\u0142ugi geodezyjne dla klient\u00f3w indywidualnych oraz firm. Nasz zesp\u00f3\u0142 sk\u0142ada si\u0119 z do\u015bwiadczonych specjalist\u00f3w, kt\u00f3rzy podejmuj\u0105 si\u0119 realizacji nawet najbardziej skomplikowanych projekt\u00f3w. Stale dbamy o rozw\u00f3j oraz wdra\u017canie innowacyjnych technik, tak aby zapewni\u0107 naszym klientom najwy\u017csz\u0105 jako\u015b\u0107 us\u0142ug. Pracujemy na nowoczesnych urz\u0105dzeniach, co &hellip; Czytaj dalej \u201e\u201d\" \/>\n<meta property=\"og:url\" content=\"https:\/\/geoplan.pl\/\" \/>\n<meta property=\"article:modified_time\" content=\"2024-03-25T06:39:29+00:00\" \/>\n<meta property=\"og:image\" content=\"https:\/\/geoplan.pl\/wp-content\/uploads\/17053-1024x654.jpg\" \/>\n<meta name=\"twitter:card\" content=\"summary_large_image\" \/>\n<meta name=\"twitter:label1\" content=\"Szacowany czas czytania\" \/>\n\t<meta name=\"twitter:data1\" content=\"3 minuty\" \/>\n<script type=\"application\/ld+json\" class=\"yoast-schema-graph\">{\"@context\":\"https:\/\/schema.org\",\"@graph\":[{\"@type\":\"WebPage\",\"@id\":\"https:\/\/geoplan.pl\/\",\"url\":\"https:\/\/geoplan.pl\/\",\"name\":\"Geodeta, Geodezja Bydgoszcz - Us\u0142ugi Geodezyjne | geoplan.pl\",\"isPartOf\":{\"@id\":\"https:\/\/geoplan.pl\/#website\"},\"primaryImageOfPage\":{\"@id\":\"https:\/\/geoplan.pl\/#primaryimage\"},\"image\":{\"@id\":\"https:\/\/geoplan.pl\/#primaryimage\"},\"thumbnailUrl\":\"https:\/\/geoplan.pl\/wp-content\/uploads\/17053-1024x654.jpg\",\"datePublished\":\"2017-10-02T19:44:03+00:00\",\"dateModified\":\"2024-03-25T06:39:29+00:00\",\"inLanguage\":\"pl-PL\",\"potentialAction\":[{\"@type\":\"ReadAction\",\"target\":[\"https:\/\/geoplan.pl\/\"]}]},{\"@type\":\"ImageObject\",\"inLanguage\":\"pl-PL\",\"@id\":\"https:\/\/geoplan.pl\/#primaryimage\",\"url\":\"https:\/\/geoplan.pl\/wp-content\/uploads\/17053.jpg\",\"contentUrl\":\"https:\/\/geoplan.pl\/wp-content\/uploads\/17053.jpg\",\"width\":1500,\"height\":958,\"caption\":\"geodeta bydgoszcz\"},{\"@type\":\"WebSite\",\"@id\":\"https:\/\/geoplan.pl\/#website\",\"url\":\"https:\/\/geoplan.pl\/\",\"name\":\"\",\"description\":\"US\u0141UGI GEODEZYJNE S.C. Tomasz Kowalewski Piotr \u0106wikli\u0144ski\",\"potentialAction\":[{\"@type\":\"SearchAction\",\"target\":{\"@type\":\"EntryPoint\",\"urlTemplate\":\"https:\/\/geoplan.pl\/?s={search_term_string}\"},\"query-input\":\"required name=search_term_string\"}],\"inLanguage\":\"pl-PL\"}]}<\/script>\n<!-- \/ Yoast SEO plugin. -->","yoast_head_json":{"title":"Geodeta, Geodezja Bydgoszcz - Us\u0142ugi Geodezyjne | geoplan.pl","robots":{"index":"index","follow":"follow","max-snippet":"max-snippet:-1","max-image-preview":"max-image-preview:large","max-video-preview":"max-video-preview:-1"},"canonical":"https:\/\/geoplan.pl\/","og_locale":"pl_PL","og_type":"article","og_title":"Geodeta, Geodezja Bydgoszcz - Us\u0142ugi Geodezyjne | geoplan.pl","og_description":"Geodeta, geodezja Bydgoszcz &#8211; us\u0142ugi geodezyjne Geoplan to firma, kt\u00f3ra \u015bwiadczy kompleksowe us\u0142ugi geodezyjne dla klient\u00f3w indywidualnych oraz firm. Nasz zesp\u00f3\u0142 sk\u0142ada si\u0119 z do\u015bwiadczonych specjalist\u00f3w, kt\u00f3rzy podejmuj\u0105 si\u0119 realizacji nawet najbardziej skomplikowanych projekt\u00f3w. Stale dbamy o rozw\u00f3j oraz wdra\u017canie innowacyjnych technik, tak aby zapewni\u0107 naszym klientom najwy\u017csz\u0105 jako\u015b\u0107 us\u0142ug. Pracujemy na nowoczesnych urz\u0105dzeniach, co &hellip; Czytaj dalej \u201e\u201d","og_url":"https:\/\/geoplan.pl\/","article_modified_time":"2024-03-25T06:39:29+00:00","og_image":[{"url":"https:\/\/geoplan.pl\/wp-content\/uploads\/17053-1024x654.jpg"}],"twitter_card":"summary_large_image","twitter_misc":{"Szacowany czas czytania":"3 minuty"},"schema":{"@context":"https:\/\/schema.org","@graph":[{"@type":"WebPage","@id":"https:\/\/geoplan.pl\/","url":"https:\/\/geoplan.pl\/","name":"Geodeta, Geodezja Bydgoszcz - Us\u0142ugi Geodezyjne | geoplan.pl","isPartOf":{"@id":"https:\/\/geoplan.pl\/#website"},"primaryImageOfPage":{"@id":"https:\/\/geoplan.pl\/#primaryimage"},"image":{"@id":"https:\/\/geoplan.pl\/#primaryimage"},"thumbnailUrl":"https:\/\/geoplan.pl\/wp-content\/uploads\/17053-1024x654.jpg","datePublished":"2017-10-02T19:44:03+00:00","dateModified":"2024-03-25T06:39:29+00:00","inLanguage":"pl-PL","potentialAction":[{"@type":"ReadAction","target":["https:\/\/geoplan.pl\/"]}]},{"@type":"ImageObject","inLanguage":"pl-PL","@id":"https:\/\/geoplan.pl\/#primaryimage","url":"https:\/\/geoplan.pl\/wp-content\/uploads\/17053.jpg","contentUrl":"https:\/\/geoplan.pl\/wp-content\/uploads\/17053.jpg","width":1500,"height":958,"caption":"geodeta bydgoszcz"},{"@type":"WebSite","@id":"https:\/\/geoplan.pl\/#website","url":"https:\/\/geoplan.pl\/","name":"","description":"US\u0141UGI GEODEZYJNE S.C. Tomasz Kowalewski Piotr \u0106wikli\u0144ski","potentialAction":[{"@type":"SearchAction","target":{"@type":"EntryPoint","urlTemplate":"https:\/\/geoplan.pl\/?s={search_term_string}"},"query-input":"required name=search_term_string"}],"inLanguage":"pl-PL"}]}},"_links":{"self":[{"href":"https:\/\/geoplan.pl\/index.php\/wp-json\/wp\/v2\/pages\/16"}],"collection":[{"href":"https:\/\/geoplan.pl\/index.php\/wp-json\/wp\/v2\/pages"}],"about":[{"href":"https:\/\/geoplan.pl\/index.php\/wp-json\/wp\/v2\/types\/page"}],"author":[{"embeddable":true,"href":"https:\/\/geoplan.pl\/index.php\/wp-json\/wp\/v2\/users\/1"}],"replies":[{"embeddable":true,"href":"https:\/\/geoplan.pl\/index.php\/wp-json\/wp\/v2\/comments?post=16"}],"version-history":[{"count":14,"href":"https:\/\/geoplan.pl\/index.php\/wp-json\/wp\/v2\/pages\/16\/revisions"}],"predecessor-version":[{"id":188,"href":"https:\/\/geoplan.pl\/index.php\/wp-json\/wp\/v2\/pages\/16\/revisions\/188"}],"wp:attachment":[{"href":"https:\/\/geoplan.pl\/index.php\/wp-json\/wp\/v2\/media?parent=16"}],"curies":[{"name":"wp","href":"https:\/\/api.w.org\/{rel}","templated":true}]}}