{"id":195,"date":"2024-03-25T07:45:22","date_gmt":"2024-03-25T06:45:22","guid":{"rendered":"https:\/\/geoplan.pl\/?page_id=195"},"modified":"2024-03-25T09:09:49","modified_gmt":"2024-03-25T08:09:49","slug":"geodeta-geodezja-szubin","status":"publish","type":"page","link":"https:\/\/geoplan.pl\/index.php\/geodeta-geodezja-szubin\/","title":{"rendered":"Geodeta, geodezja Szubin"},"content":{"rendered":"\n<p>Poszukujesz precyzyjnych us\u0142ug geodezyjnych w Szubinie? Nasza firma Geoplan \u015bwiadczy kompleksowe dzia\u0142ania na rzecz klient\u00f3w indywidualnych oraz przedsi\u0119biorc\u00f3w, oferuj\u0105c najwy\u017cszy poziom precyzji. Wykorzystujemy wysokiej jako\u015bci narz\u0119dzia, kt\u00f3re pomagaj\u0105 nam realizowa\u0107 pomiary nawet w bardzo trudnym terenie. Nasze do\u015bwiadczenie oraz szeroka wiedza to cechy, kt\u00f3re wyr\u00f3\u017cniaj\u0105 nas na tle konkurencji. Zapraszamy do zapoznania si\u0119 z pe\u0142n\u0105 ofert\u0105 us\u0142ug geodety w Szubinie.<\/p>\n\n\n\n<h2 class=\"wp-block-heading\"><br>Geodezja Szubin &#8211; zakres us\u0142ug<\/h2>\n\n\n\n<p><br>Geodeta to osoba, kt\u00f3rej specjalistyczna wiedza oraz do\u015bwiadczenie potrzebne s\u0105 ju\u017c na pierwszych etapach planowania inwestycji. Specjalista jest niezb\u0119dny podczas powstawania plan\u00f3w budowy dom\u00f3w jednorodzinnych, zagospodarowania dzia\u0142ek, tworzenia infrastruktury drogowej czy inwestycji w wi\u0119ksze obiekty, takie jak budynki publiczne czy osiedla mieszkaniowe. Zanim rozpocznie si\u0119 planowanie samej aran\u017cacji przestrzeni, niezb\u0119dne jest skonsultowanie si\u0119 z geodet\u0105. Szubin nie jest tutaj wyj\u0105tkiem, r\u00f3wnie\u017c w tej miejscowo\u015bci konieczne b\u0119dzie dok\u0142adne zbadanie terenu pod zabudow\u0119. Nasi specjali\u015bci w pierwszej kolejno\u015bci przyst\u0119puj\u0105 do sprawdzenia dokument\u00f3w zwi\u0105zanych z w\u0142asno\u015bci\u0105, a kolejno wykonuj\u0105 niezb\u0119dne pomiary oraz zajm\u0105 si\u0119 tworzeniem mapy MDCP, kt\u00f3ra jest podstaw\u0105 dalszych plan\u00f3w budowlanych. Warto wspomnie\u0107, \u017ce ten etap jest kluczowy w celu p\u00f3\u017aniejszego uzyskania pozwolenia na u\u017cytkowanie budynku.<\/p>\n\n\n\n<p>Jako profesjonalna firma geodezyjna &#8211; w Szubinie \u015bwiadczymy kompleksowe us\u0142ugi zar\u00f3wno dla klient\u00f3w indywidualnych, jak i firm. Tworzymy niezb\u0119dne mapy, w tym wektorowe plany oraz numeryczne modele terenu. Jeste\u015bmy w stanie podj\u0105\u0107 si\u0119 zadania, niezale\u017cnie od poziomu skomplikowania sprawy oraz trudno\u015bci danego terenu. Nasza bogata wiedza oraz szerokie do\u015bwiadczenie pomagaj\u0105 nam w realizacji nawet bardzo skomplikowanych zlece\u0144. Korzystamy z profesjonalnych urz\u0105dze\u0144, co zapewnia wysok\u0105 jako\u015b\u0107 oraz precyzj\u0119 wszelkich pomiar\u00f3w geodezyjnych. Szubin to miejscowo\u015b\u0107, w kt\u00f3rej wsp\u00f3\u0142pracujemy z licznymi klientami.<\/p>\n\n\n\n<h2 class=\"wp-block-heading\"><br>Geodeta Szubin &#8211; oferta Geoplan<\/h2>\n\n\n\n<p><br>Wsp\u00f3\u0142pracuj\u0105c z klientami, stawiamy na klarown\u0105 komunikacj\u0119 oraz w pe\u0142ni indywidualne podej\u015bcie. Bierzemy pod uwag\u0119 potrzeby, oczekiwania oraz plany zwi\u0105zane z inwestycj\u0105, tak aby jak najlepiej wykona\u0107 powierzone nam zadania. Informujemy r\u00f3wnie\u017c o ewentualnych trudno\u015bciach, kt\u00f3re mog\u0105 pojawi\u0107 si\u0119 w trakcie prac geodezyjnych w Szubinie. Je\u017celi planujesz du\u017c\u0105 inwestycj\u0119, gwarantujemy pe\u0142ne wsparcie na ka\u017cdym etapie jej realizacji, rozpoczynaj\u0105c od pierwszych ogl\u0119dzin terenu, po ostateczne oddanie budynku do u\u017cytku. Zapraszamy do kontaktu w celu om\u00f3wienia szczeg\u00f3\u0142\u00f3w wsp\u00f3\u0142pracy.<\/p>\n","protected":false},"excerpt":{"rendered":"<p>Poszukujesz precyzyjnych us\u0142ug geodezyjnych w Szubinie? Nasza firma Geoplan \u015bwiadczy kompleksowe dzia\u0142ania na rzecz klient\u00f3w indywidualnych oraz przedsi\u0119biorc\u00f3w, oferuj\u0105c najwy\u017cszy poziom precyzji. Wykorzystujemy wysokiej jako\u015bci narz\u0119dzia, kt\u00f3re pomagaj\u0105 nam realizowa\u0107 pomiary nawet w bardzo trudnym terenie. Nasze do\u015bwiadczenie oraz szeroka wiedza to cechy, kt\u00f3re wyr\u00f3\u017cniaj\u0105 nas na tle konkurencji. Zapraszamy do zapoznania si\u0119 z pe\u0142n\u0105 &hellip; <a href=\"https:\/\/geoplan.pl\/index.php\/geodeta-geodezja-szubin\/\" class=\"more-link\">Czytaj dalej<span class=\"screen-reader-text\"> \u201eGeodeta, geodezja Szubin\u201d<\/span><\/a><\/p>\n","protected":false},"author":1,"featured_media":196,"parent":0,"menu_order":0,"comment_status":"closed","ping_status":"closed","template":"","meta":{"footnotes":""},"yoast_head":"<!-- This site is optimized with the Yoast SEO plugin v22.2 - https:\/\/yoast.com\/wordpress\/plugins\/seo\/ -->\n<title>Geodeta, Geodezja Szubin | geoplan.pl<\/title>\n<meta name=\"robots\" content=\"index, follow, max-snippet:-1, max-image-preview:large, max-video-preview:-1\" \/>\n<link rel=\"canonical\" href=\"https:\/\/geoplan.pl\/index.php\/geodeta-geodezja-szubin\/\" \/>\n<meta property=\"og:locale\" content=\"pl_PL\" \/>\n<meta property=\"og:type\" content=\"article\" \/>\n<meta property=\"og:title\" content=\"Geodeta, Geodezja Szubin | geoplan.pl\" \/>\n<meta property=\"og:description\" content=\"Poszukujesz precyzyjnych us\u0142ug geodezyjnych w Szubinie? Nasza firma Geoplan \u015bwiadczy kompleksowe dzia\u0142ania na rzecz klient\u00f3w indywidualnych oraz przedsi\u0119biorc\u00f3w, oferuj\u0105c najwy\u017cszy poziom precyzji. Wykorzystujemy wysokiej jako\u015bci narz\u0119dzia, kt\u00f3re pomagaj\u0105 nam realizowa\u0107 pomiary nawet w bardzo trudnym terenie. Nasze do\u015bwiadczenie oraz szeroka wiedza to cechy, kt\u00f3re wyr\u00f3\u017cniaj\u0105 nas na tle konkurencji. Zapraszamy do zapoznania si\u0119 z pe\u0142n\u0105 &hellip; Czytaj dalej \u201eGeodeta, geodezja Szubin\u201d\" \/>\n<meta property=\"og:url\" content=\"https:\/\/geoplan.pl\/index.php\/geodeta-geodezja-szubin\/\" \/>\n<meta property=\"article:modified_time\" content=\"2024-03-25T08:09:49+00:00\" \/>\n<meta property=\"og:image\" content=\"https:\/\/geoplan.pl\/wp-content\/uploads\/17837.jpg\" \/>\n\t<meta property=\"og:image:width\" content=\"1500\" \/>\n\t<meta property=\"og:image:height\" content=\"960\" \/>\n\t<meta property=\"og:image:type\" content=\"image\/jpeg\" \/>\n<meta name=\"twitter:card\" content=\"summary_large_image\" \/>\n<meta name=\"twitter:label1\" content=\"Szacowany czas czytania\" \/>\n\t<meta name=\"twitter:data1\" content=\"3 minuty\" \/>\n<script type=\"application\/ld+json\" class=\"yoast-schema-graph\">{\"@context\":\"https:\/\/schema.org\",\"@graph\":[{\"@type\":\"WebPage\",\"@id\":\"https:\/\/geoplan.pl\/index.php\/geodeta-geodezja-szubin\/\",\"url\":\"https:\/\/geoplan.pl\/index.php\/geodeta-geodezja-szubin\/\",\"name\":\"Geodeta, Geodezja Szubin | geoplan.pl\",\"isPartOf\":{\"@id\":\"https:\/\/geoplan.pl\/#website\"},\"primaryImageOfPage\":{\"@id\":\"https:\/\/geoplan.pl\/index.php\/geodeta-geodezja-szubin\/#primaryimage\"},\"image\":{\"@id\":\"https:\/\/geoplan.pl\/index.php\/geodeta-geodezja-szubin\/#primaryimage\"},\"thumbnailUrl\":\"https:\/\/geoplan.pl\/wp-content\/uploads\/17837.jpg\",\"datePublished\":\"2024-03-25T06:45:22+00:00\",\"dateModified\":\"2024-03-25T08:09:49+00:00\",\"breadcrumb\":{\"@id\":\"https:\/\/geoplan.pl\/index.php\/geodeta-geodezja-szubin\/#breadcrumb\"},\"inLanguage\":\"pl-PL\",\"potentialAction\":[{\"@type\":\"ReadAction\",\"target\":[\"https:\/\/geoplan.pl\/index.php\/geodeta-geodezja-szubin\/\"]}]},{\"@type\":\"ImageObject\",\"inLanguage\":\"pl-PL\",\"@id\":\"https:\/\/geoplan.pl\/index.php\/geodeta-geodezja-szubin\/#primaryimage\",\"url\":\"https:\/\/geoplan.pl\/wp-content\/uploads\/17837.jpg\",\"contentUrl\":\"https:\/\/geoplan.pl\/wp-content\/uploads\/17837.jpg\",\"width\":1500,\"height\":960},{\"@type\":\"BreadcrumbList\",\"@id\":\"https:\/\/geoplan.pl\/index.php\/geodeta-geodezja-szubin\/#breadcrumb\",\"itemListElement\":[{\"@type\":\"ListItem\",\"position\":1,\"name\":\"Strona g\u0142\u00f3wna\",\"item\":\"https:\/\/geoplan.pl\/\"},{\"@type\":\"ListItem\",\"position\":2,\"name\":\"Geodeta, geodezja Szubin\"}]},{\"@type\":\"WebSite\",\"@id\":\"https:\/\/geoplan.pl\/#website\",\"url\":\"https:\/\/geoplan.pl\/\",\"name\":\"\",\"description\":\"US\u0141UGI GEODEZYJNE S.C. Tomasz Kowalewski Piotr \u0106wikli\u0144ski\",\"potentialAction\":[{\"@type\":\"SearchAction\",\"target\":{\"@type\":\"EntryPoint\",\"urlTemplate\":\"https:\/\/geoplan.pl\/?s={search_term_string}\"},\"query-input\":\"required name=search_term_string\"}],\"inLanguage\":\"pl-PL\"}]}<\/script>\n<!-- \/ Yoast SEO plugin. -->","yoast_head_json":{"title":"Geodeta, Geodezja Szubin | geoplan.pl","robots":{"index":"index","follow":"follow","max-snippet":"max-snippet:-1","max-image-preview":"max-image-preview:large","max-video-preview":"max-video-preview:-1"},"canonical":"https:\/\/geoplan.pl\/index.php\/geodeta-geodezja-szubin\/","og_locale":"pl_PL","og_type":"article","og_title":"Geodeta, Geodezja Szubin | geoplan.pl","og_description":"Poszukujesz precyzyjnych us\u0142ug geodezyjnych w Szubinie? Nasza firma Geoplan \u015bwiadczy kompleksowe dzia\u0142ania na rzecz klient\u00f3w indywidualnych oraz przedsi\u0119biorc\u00f3w, oferuj\u0105c najwy\u017cszy poziom precyzji. Wykorzystujemy wysokiej jako\u015bci narz\u0119dzia, kt\u00f3re pomagaj\u0105 nam realizowa\u0107 pomiary nawet w bardzo trudnym terenie. Nasze do\u015bwiadczenie oraz szeroka wiedza to cechy, kt\u00f3re wyr\u00f3\u017cniaj\u0105 nas na tle konkurencji. Zapraszamy do zapoznania si\u0119 z pe\u0142n\u0105 &hellip; Czytaj dalej \u201eGeodeta, geodezja Szubin\u201d","og_url":"https:\/\/geoplan.pl\/index.php\/geodeta-geodezja-szubin\/","article_modified_time":"2024-03-25T08:09:49+00:00","og_image":[{"width":1500,"height":960,"url":"https:\/\/geoplan.pl\/wp-content\/uploads\/17837.jpg","type":"image\/jpeg"}],"twitter_card":"summary_large_image","twitter_misc":{"Szacowany czas czytania":"3 minuty"},"schema":{"@context":"https:\/\/schema.org","@graph":[{"@type":"WebPage","@id":"https:\/\/geoplan.pl\/index.php\/geodeta-geodezja-szubin\/","url":"https:\/\/geoplan.pl\/index.php\/geodeta-geodezja-szubin\/","name":"Geodeta, Geodezja Szubin | geoplan.pl","isPartOf":{"@id":"https:\/\/geoplan.pl\/#website"},"primaryImageOfPage":{"@id":"https:\/\/geoplan.pl\/index.php\/geodeta-geodezja-szubin\/#primaryimage"},"image":{"@id":"https:\/\/geoplan.pl\/index.php\/geodeta-geodezja-szubin\/#primaryimage"},"thumbnailUrl":"https:\/\/geoplan.pl\/wp-content\/uploads\/17837.jpg","datePublished":"2024-03-25T06:45:22+00:00","dateModified":"2024-03-25T08:09:49+00:00","breadcrumb":{"@id":"https:\/\/geoplan.pl\/index.php\/geodeta-geodezja-szubin\/#breadcrumb"},"inLanguage":"pl-PL","potentialAction":[{"@type":"ReadAction","target":["https:\/\/geoplan.pl\/index.php\/geodeta-geodezja-szubin\/"]}]},{"@type":"ImageObject","inLanguage":"pl-PL","@id":"https:\/\/geoplan.pl\/index.php\/geodeta-geodezja-szubin\/#primaryimage","url":"https:\/\/geoplan.pl\/wp-content\/uploads\/17837.jpg","contentUrl":"https:\/\/geoplan.pl\/wp-content\/uploads\/17837.jpg","width":1500,"height":960},{"@type":"BreadcrumbList","@id":"https:\/\/geoplan.pl\/index.php\/geodeta-geodezja-szubin\/#breadcrumb","itemListElement":[{"@type":"ListItem","position":1,"name":"Strona g\u0142\u00f3wna","item":"https:\/\/geoplan.pl\/"},{"@type":"ListItem","position":2,"name":"Geodeta, geodezja Szubin"}]},{"@type":"WebSite","@id":"https:\/\/geoplan.pl\/#website","url":"https:\/\/geoplan.pl\/","name":"","description":"US\u0141UGI GEODEZYJNE S.C. Tomasz Kowalewski Piotr \u0106wikli\u0144ski","potentialAction":[{"@type":"SearchAction","target":{"@type":"EntryPoint","urlTemplate":"https:\/\/geoplan.pl\/?s={search_term_string}"},"query-input":"required name=search_term_string"}],"inLanguage":"pl-PL"}]}},"_links":{"self":[{"href":"https:\/\/geoplan.pl\/index.php\/wp-json\/wp\/v2\/pages\/195"}],"collection":[{"href":"https:\/\/geoplan.pl\/index.php\/wp-json\/wp\/v2\/pages"}],"about":[{"href":"https:\/\/geoplan.pl\/index.php\/wp-json\/wp\/v2\/types\/page"}],"author":[{"embeddable":true,"href":"https:\/\/geoplan.pl\/index.php\/wp-json\/wp\/v2\/users\/1"}],"replies":[{"embeddable":true,"href":"https:\/\/geoplan.pl\/index.php\/wp-json\/wp\/v2\/comments?post=195"}],"version-history":[{"count":2,"href":"https:\/\/geoplan.pl\/index.php\/wp-json\/wp\/v2\/pages\/195\/revisions"}],"predecessor-version":[{"id":202,"href":"https:\/\/geoplan.pl\/index.php\/wp-json\/wp\/v2\/pages\/195\/revisions\/202"}],"wp:featuredmedia":[{"embeddable":true,"href":"https:\/\/geoplan.pl\/index.php\/wp-json\/wp\/v2\/media\/196"}],"wp:attachment":[{"href":"https:\/\/geoplan.pl\/index.php\/wp-json\/wp\/v2\/media?parent=195"}],"curies":[{"name":"wp","href":"https:\/\/api.w.org\/{rel}","templated":true}]}}